{"id":22096,"date":"2019-08-01T15:44:54","date_gmt":"2019-08-01T18:44:54","guid":{"rendered":"https:\/\/steq.com.br\/produto\/vhp-z-generator\/"},"modified":"2024-12-09T08:37:37","modified_gmt":"2024-12-09T11:37:37","slug":"vhp-z-generator","status":"publish","type":"product","link":"https:\/\/steq.com.br\/en\/produto\/vhp-z-generator\/","title":{"rendered":"VHP Z Generator"},"content":{"rendered":"","protected":false},"excerpt":{"rendered":"<ul>\n<li>Bio-decontaminates any room or environment of up to 250m3, and can be expanded up to 350m3;<\/li>\n<li>Mobile system with cabinet and casters;<\/li>\n<li>H2O2 sprinklers with 360\u00b0 dispersion for homogeneous distribution;<\/li>\n<li>Effective and residue-free process;<\/li>\n<li>Compatibility with various materials, including electronic components;<\/li>\n<li>Automatic cycle control;<\/li>\n<li>Fast cycles that allow the area to be cleared in a short time.<\/li>\n<\/ul>\n<pre style=\"text-align: left;\"><strong>A STEQ \u00c9 A \u00daNICA EMPRESA NO BRASIL AUTORIZADA E CERTIFICADA PELA BIOQUELL A PRESTAR SUPORTE T\u00c9CNICO E FORNECER PE\u00c7AS ORIGINAIS PARA TODA A LINHA DE EQUIPAMENTOS.<\/strong><\/pre>\n","protected":false},"featured_media":21824,"template":"","meta":[],"product_brand":[],"product_cat":[1409,1410,1397,1411,1403,1393],"product_tag":[1793,1797,1794,1795,1796,1448,1425,1798],"class_list":{"0":"post-22096","1":"product","2":"type-product","3":"status-publish","4":"has-post-thumbnail","6":"product_cat-equipment-2","7":"product_cat-equipment","8":"product_cat-equipment-3","9":"product_cat-laboratory-line","10":"product_cat-production-line","11":"product_cat-vivarium-line","12":"product_tag-bioquell-en","13":"product_tag-bioquellz2-en","14":"product_tag-generators","15":"product_tag-generatorsh202","16":"product_tag-h202-en","17":"product_tag-listalp-en","18":"product_tag-steq-en","19":"product_tag-z2-en","21":"first","22":"instock","23":"shipping-taxable","24":"product-type-simple"},"_links":{"self":[{"href":"https:\/\/steq.com.br\/en\/wp-json\/wp\/v2\/product\/22096","targetHints":{"allow":["GET"]}}],"collection":[{"href":"https:\/\/steq.com.br\/en\/wp-json\/wp\/v2\/product"}],"about":[{"href":"https:\/\/steq.com.br\/en\/wp-json\/wp\/v2\/types\/product"}],"version-history":[{"count":1,"href":"https:\/\/steq.com.br\/en\/wp-json\/wp\/v2\/product\/22096\/revisions"}],"predecessor-version":[{"id":22258,"href":"https:\/\/steq.com.br\/en\/wp-json\/wp\/v2\/product\/22096\/revisions\/22258"}],"wp:featuredmedia":[{"embeddable":true,"href":"https:\/\/steq.com.br\/en\/wp-json\/wp\/v2\/media\/21824"}],"wp:attachment":[{"href":"https:\/\/steq.com.br\/en\/wp-json\/wp\/v2\/media?parent=22096"}],"wp:term":[{"taxonomy":"product_brand","embeddable":true,"href":"https:\/\/steq.com.br\/en\/wp-json\/wp\/v2\/product_brand?post=22096"},{"taxonomy":"product_cat","embeddable":true,"href":"https:\/\/steq.com.br\/en\/wp-json\/wp\/v2\/product_cat?post=22096"},{"taxonomy":"product_tag","embeddable":true,"href":"https:\/\/steq.com.br\/en\/wp-json\/wp\/v2\/product_tag?post=22096"}],"curies":[{"name":"wp","href":"https:\/\/api.w.org\/{rel}","templated":true}]}}